{"id":69,"date":"2019-04-15T19:52:55","date_gmt":"2019-04-15T17:52:55","guid":{"rendered":"http:\/\/bulledair.agency\/?page_id=69"},"modified":"2025-01-30T16:18:34","modified_gmt":"2025-01-30T15:18:34","slug":"festivals","status":"publish","type":"page","link":"https:\/\/bulledair.agency\/index.php\/festivals\/","title":{"rendered":"Personnalit\u00e9s &#038; Festivals"},"content":{"rendered":"\n<p><strong>Plusieurs ann\u00e9es au sein de diff\u00e9rentes agences artistiques m&rsquo;ont permis de travailler \u00e9troitement avec les personnalit\u00e9s du monde du cin\u00e9ma, du th\u00e9\u00e2tre et de la t\u00e9l\u00e9vision.<\/strong><\/p>\n\n\n\n<p>La gestion des relations des acteurs, producteurs, sc\u00e9naristes et r\u00e9alisateurs s\u2019exerce dans un contexte de plus en plus marqu\u00e9 par l&rsquo;augmentation croissante des besoins de communication et par la multiplication des sollicitations (m\u00e9dias, festivals, &#8230;). Mes 15 ann\u00e9es d&rsquo;exp\u00e9rience et l&rsquo;\u00e9tendu de mon r\u00e9seau relationnel dans ce milieu me permettent de conna\u00eetre les us et coutumes pour \u00eatre \u00e0 la fois efficace et r\u00e9active dans ce domaine qui exige polyvalence, pr\u00e9cision et confidentialit\u00e9. Je travaille pour <strong>Ana Girardot <\/strong>depuis plusieurs ann\u00e9es.<\/p>\n\n\n\n<p> Je vous accompagnerai efficacement !<\/p>\n\n\n\n<ul class=\"wp-block-list\">\n<li> Mise en relations des VIP <\/li>\n\n\n\n<li> Strat\u00e9gie &amp; planification<\/li>\n\n\n\n<li> Coordinatrice \u00e9v\u00e9nementiel<\/li>\n\n\n\n<li>&#8230;<\/li>\n<\/ul>\n\n\n\n<figure class=\"wp-block-image size-large\"><img loading=\"lazy\" decoding=\"async\" width=\"1024\" height=\"440\" src=\"https:\/\/bulledair.agency\/wp-content\/uploads\/2023\/12\/Sans-titre-1-1024x440.jpg\" alt=\"\" class=\"wp-image-237\" srcset=\"https:\/\/bulledair.agency\/wp-content\/uploads\/2023\/12\/Sans-titre-1-1024x440.jpg 1024w, https:\/\/bulledair.agency\/wp-content\/uploads\/2023\/12\/Sans-titre-1-300x129.jpg 300w, https:\/\/bulledair.agency\/wp-content\/uploads\/2023\/12\/Sans-titre-1-768x330.jpg 768w, https:\/\/bulledair.agency\/wp-content\/uploads\/2023\/12\/Sans-titre-1-1536x660.jpg 1536w, https:\/\/bulledair.agency\/wp-content\/uploads\/2023\/12\/Sans-titre-1-698x300.jpg 698w, https:\/\/bulledair.agency\/wp-content\/uploads\/2023\/12\/Sans-titre-1.jpg 1736w\" sizes=\"auto, (max-width: 1024px) 100vw, 1024px\" \/><\/figure>\n","protected":false},"excerpt":{"rendered":"<p>Plusieurs ann\u00e9es au sein de diff\u00e9rentes agences artistiques m&rsquo;ont permis de travailler \u00e9troitement avec les personnalit\u00e9s du monde du cin\u00e9ma, du th\u00e9\u00e2tre et de la t\u00e9l\u00e9vision. La gestion des relations des acteurs, producteurs, sc\u00e9naristes et r\u00e9alisateurs s\u2019exerce dans un contexte de plus en plus marqu\u00e9 par l&rsquo;augmentation croissante des besoins de communication et par la [&hellip;]<\/p>\n","protected":false},"author":1,"featured_media":0,"parent":0,"menu_order":0,"comment_status":"closed","ping_status":"closed","template":"","meta":{"footnotes":""},"class_list":["post-69","page","type-page","status-publish","hentry"],"yoast_head":"<!-- This site is optimized with the Yoast SEO plugin v26.4 - https:\/\/yoast.com\/wordpress\/plugins\/seo\/ -->\n<title>Personnalit\u00e9s &amp; Festivals - Simplifiez Votre Quotidien<\/title>\n<meta name=\"robots\" content=\"index, follow, max-snippet:-1, max-image-preview:large, max-video-preview:-1\" \/>\n<link rel=\"canonical\" href=\"https:\/\/bulledair.agency\/index.php\/festivals\/\" \/>\n<meta property=\"og:locale\" content=\"fr_FR\" \/>\n<meta property=\"og:type\" content=\"article\" \/>\n<meta property=\"og:title\" content=\"Personnalit\u00e9s &amp; Festivals - Simplifiez Votre Quotidien\" \/>\n<meta property=\"og:description\" content=\"Plusieurs ann\u00e9es au sein de diff\u00e9rentes agences artistiques m&rsquo;ont permis de travailler \u00e9troitement avec les personnalit\u00e9s du monde du cin\u00e9ma, du th\u00e9\u00e2tre et de la t\u00e9l\u00e9vision. La gestion des relations des acteurs, producteurs, sc\u00e9naristes et r\u00e9alisateurs s\u2019exerce dans un contexte de plus en plus marqu\u00e9 par l&rsquo;augmentation croissante des besoins de communication et par la [&hellip;]\" \/>\n<meta property=\"og:url\" content=\"https:\/\/bulledair.agency\/index.php\/festivals\/\" \/>\n<meta property=\"og:site_name\" content=\"Simplifiez Votre Quotidien\" \/>\n<meta property=\"article:modified_time\" content=\"2025-01-30T15:18:34+00:00\" \/>\n<meta property=\"og:image\" content=\"https:\/\/bulledair.agency\/wp-content\/uploads\/2023\/12\/Sans-titre-1-1024x440.jpg\" \/>\n<meta name=\"twitter:card\" content=\"summary_large_image\" \/>\n<meta name=\"twitter:label1\" content=\"Dur\u00e9e de lecture estim\u00e9e\" \/>\n\t<meta name=\"twitter:data1\" content=\"1 minute\" \/>\n<script type=\"application\/ld+json\" class=\"yoast-schema-graph\">{\"@context\":\"https:\/\/schema.org\",\"@graph\":[{\"@type\":\"WebPage\",\"@id\":\"https:\/\/bulledair.agency\/index.php\/festivals\/\",\"url\":\"https:\/\/bulledair.agency\/index.php\/festivals\/\",\"name\":\"Personnalit\u00e9s & Festivals - Simplifiez Votre Quotidien\",\"isPartOf\":{\"@id\":\"https:\/\/bulledair.agency\/#website\"},\"primaryImageOfPage\":{\"@id\":\"https:\/\/bulledair.agency\/index.php\/festivals\/#primaryimage\"},\"image\":{\"@id\":\"https:\/\/bulledair.agency\/index.php\/festivals\/#primaryimage\"},\"thumbnailUrl\":\"https:\/\/bulledair.agency\/wp-content\/uploads\/2023\/12\/Sans-titre-1-1024x440.jpg\",\"datePublished\":\"2019-04-15T17:52:55+00:00\",\"dateModified\":\"2025-01-30T15:18:34+00:00\",\"breadcrumb\":{\"@id\":\"https:\/\/bulledair.agency\/index.php\/festivals\/#breadcrumb\"},\"inLanguage\":\"fr-FR\",\"potentialAction\":[{\"@type\":\"ReadAction\",\"target\":[\"https:\/\/bulledair.agency\/index.php\/festivals\/\"]}]},{\"@type\":\"ImageObject\",\"inLanguage\":\"fr-FR\",\"@id\":\"https:\/\/bulledair.agency\/index.php\/festivals\/#primaryimage\",\"url\":\"https:\/\/bulledair.agency\/wp-content\/uploads\/2023\/12\/Sans-titre-1.jpg\",\"contentUrl\":\"https:\/\/bulledair.agency\/wp-content\/uploads\/2023\/12\/Sans-titre-1.jpg\",\"width\":1736,\"height\":746},{\"@type\":\"BreadcrumbList\",\"@id\":\"https:\/\/bulledair.agency\/index.php\/festivals\/#breadcrumb\",\"itemListElement\":[{\"@type\":\"ListItem\",\"position\":1,\"name\":\"Accueil\",\"item\":\"https:\/\/bulledair.agency\/\"},{\"@type\":\"ListItem\",\"position\":2,\"name\":\"Personnalit\u00e9s &#038; Festivals\"}]},{\"@type\":\"WebSite\",\"@id\":\"https:\/\/bulledair.agency\/#website\",\"url\":\"https:\/\/bulledair.agency\/\",\"name\":\"Une Bulle d'Air - Sylvie B\u00e9lair Personal Organizer\",\"description\":\"Sylvie B\u00e9lair \/ Personal Organizer \/ Gestion de l&#039;espace &amp; du temps\",\"publisher\":{\"@id\":\"https:\/\/bulledair.agency\/#organization\"},\"potentialAction\":[{\"@type\":\"SearchAction\",\"target\":{\"@type\":\"EntryPoint\",\"urlTemplate\":\"https:\/\/bulledair.agency\/?s={search_term_string}\"},\"query-input\":{\"@type\":\"PropertyValueSpecification\",\"valueRequired\":true,\"valueName\":\"search_term_string\"}}],\"inLanguage\":\"fr-FR\"},{\"@type\":\"Organization\",\"@id\":\"https:\/\/bulledair.agency\/#organization\",\"name\":\"Une Bulle d'Air\",\"url\":\"https:\/\/bulledair.agency\/\",\"logo\":{\"@type\":\"ImageObject\",\"inLanguage\":\"fr-FR\",\"@id\":\"https:\/\/bulledair.agency\/#\/schema\/logo\/image\/\",\"url\":\"https:\/\/bulledair.agency\/wp-content\/uploads\/2019\/05\/header-bulledair-v1.jpg\",\"contentUrl\":\"https:\/\/bulledair.agency\/wp-content\/uploads\/2019\/05\/header-bulledair-v1.jpg\",\"width\":1600,\"height\":264,\"caption\":\"Une Bulle d'Air\"},\"image\":{\"@id\":\"https:\/\/bulledair.agency\/#\/schema\/logo\/image\/\"}}]}<\/script>\n<!-- \/ Yoast SEO plugin. -->","yoast_head_json":{"title":"Personnalit\u00e9s & Festivals - Simplifiez Votre Quotidien","robots":{"index":"index","follow":"follow","max-snippet":"max-snippet:-1","max-image-preview":"max-image-preview:large","max-video-preview":"max-video-preview:-1"},"canonical":"https:\/\/bulledair.agency\/index.php\/festivals\/","og_locale":"fr_FR","og_type":"article","og_title":"Personnalit\u00e9s & Festivals - Simplifiez Votre Quotidien","og_description":"Plusieurs ann\u00e9es au sein de diff\u00e9rentes agences artistiques m&rsquo;ont permis de travailler \u00e9troitement avec les personnalit\u00e9s du monde du cin\u00e9ma, du th\u00e9\u00e2tre et de la t\u00e9l\u00e9vision. La gestion des relations des acteurs, producteurs, sc\u00e9naristes et r\u00e9alisateurs s\u2019exerce dans un contexte de plus en plus marqu\u00e9 par l&rsquo;augmentation croissante des besoins de communication et par la [&hellip;]","og_url":"https:\/\/bulledair.agency\/index.php\/festivals\/","og_site_name":"Simplifiez Votre Quotidien","article_modified_time":"2025-01-30T15:18:34+00:00","og_image":[{"url":"https:\/\/bulledair.agency\/wp-content\/uploads\/2023\/12\/Sans-titre-1-1024x440.jpg","type":"","width":"","height":""}],"twitter_card":"summary_large_image","twitter_misc":{"Dur\u00e9e de lecture estim\u00e9e":"1 minute"},"schema":{"@context":"https:\/\/schema.org","@graph":[{"@type":"WebPage","@id":"https:\/\/bulledair.agency\/index.php\/festivals\/","url":"https:\/\/bulledair.agency\/index.php\/festivals\/","name":"Personnalit\u00e9s & Festivals - Simplifiez Votre Quotidien","isPartOf":{"@id":"https:\/\/bulledair.agency\/#website"},"primaryImageOfPage":{"@id":"https:\/\/bulledair.agency\/index.php\/festivals\/#primaryimage"},"image":{"@id":"https:\/\/bulledair.agency\/index.php\/festivals\/#primaryimage"},"thumbnailUrl":"https:\/\/bulledair.agency\/wp-content\/uploads\/2023\/12\/Sans-titre-1-1024x440.jpg","datePublished":"2019-04-15T17:52:55+00:00","dateModified":"2025-01-30T15:18:34+00:00","breadcrumb":{"@id":"https:\/\/bulledair.agency\/index.php\/festivals\/#breadcrumb"},"inLanguage":"fr-FR","potentialAction":[{"@type":"ReadAction","target":["https:\/\/bulledair.agency\/index.php\/festivals\/"]}]},{"@type":"ImageObject","inLanguage":"fr-FR","@id":"https:\/\/bulledair.agency\/index.php\/festivals\/#primaryimage","url":"https:\/\/bulledair.agency\/wp-content\/uploads\/2023\/12\/Sans-titre-1.jpg","contentUrl":"https:\/\/bulledair.agency\/wp-content\/uploads\/2023\/12\/Sans-titre-1.jpg","width":1736,"height":746},{"@type":"BreadcrumbList","@id":"https:\/\/bulledair.agency\/index.php\/festivals\/#breadcrumb","itemListElement":[{"@type":"ListItem","position":1,"name":"Accueil","item":"https:\/\/bulledair.agency\/"},{"@type":"ListItem","position":2,"name":"Personnalit\u00e9s &#038; Festivals"}]},{"@type":"WebSite","@id":"https:\/\/bulledair.agency\/#website","url":"https:\/\/bulledair.agency\/","name":"Une Bulle d'Air - Sylvie B\u00e9lair Personal Organizer","description":"Sylvie B\u00e9lair \/ Personal Organizer \/ Gestion de l&#039;espace &amp; du temps","publisher":{"@id":"https:\/\/bulledair.agency\/#organization"},"potentialAction":[{"@type":"SearchAction","target":{"@type":"EntryPoint","urlTemplate":"https:\/\/bulledair.agency\/?s={search_term_string}"},"query-input":{"@type":"PropertyValueSpecification","valueRequired":true,"valueName":"search_term_string"}}],"inLanguage":"fr-FR"},{"@type":"Organization","@id":"https:\/\/bulledair.agency\/#organization","name":"Une Bulle d'Air","url":"https:\/\/bulledair.agency\/","logo":{"@type":"ImageObject","inLanguage":"fr-FR","@id":"https:\/\/bulledair.agency\/#\/schema\/logo\/image\/","url":"https:\/\/bulledair.agency\/wp-content\/uploads\/2019\/05\/header-bulledair-v1.jpg","contentUrl":"https:\/\/bulledair.agency\/wp-content\/uploads\/2019\/05\/header-bulledair-v1.jpg","width":1600,"height":264,"caption":"Une Bulle d'Air"},"image":{"@id":"https:\/\/bulledair.agency\/#\/schema\/logo\/image\/"}}]}},"_links":{"self":[{"href":"https:\/\/bulledair.agency\/index.php\/wp-json\/wp\/v2\/pages\/69","targetHints":{"allow":["GET"]}}],"collection":[{"href":"https:\/\/bulledair.agency\/index.php\/wp-json\/wp\/v2\/pages"}],"about":[{"href":"https:\/\/bulledair.agency\/index.php\/wp-json\/wp\/v2\/types\/page"}],"author":[{"embeddable":true,"href":"https:\/\/bulledair.agency\/index.php\/wp-json\/wp\/v2\/users\/1"}],"replies":[{"embeddable":true,"href":"https:\/\/bulledair.agency\/index.php\/wp-json\/wp\/v2\/comments?post=69"}],"version-history":[{"count":18,"href":"https:\/\/bulledair.agency\/index.php\/wp-json\/wp\/v2\/pages\/69\/revisions"}],"predecessor-version":[{"id":290,"href":"https:\/\/bulledair.agency\/index.php\/wp-json\/wp\/v2\/pages\/69\/revisions\/290"}],"wp:attachment":[{"href":"https:\/\/bulledair.agency\/index.php\/wp-json\/wp\/v2\/media?parent=69"}],"curies":[{"name":"wp","href":"https:\/\/api.w.org\/{rel}","templated":true}]}}