{"id":30,"date":"2019-04-15T09:42:16","date_gmt":"2019-04-15T07:42:16","guid":{"rendered":"http:\/\/bulledair.agency\/?page_id=30"},"modified":"2019-12-15T13:25:51","modified_gmt":"2019-12-15T12:25:51","slug":"me-contacter","status":"publish","type":"page","link":"https:\/\/bulledair.agency\/index.php\/me-contacter\/","title":{"rendered":"Contact"},"content":{"rendered":"\n<p>N&rsquo;h\u00e9sitez pas \u00e0 me contacter pour que nous \u00e9laborions ensemble une service sur mesure ! Nous pouvons, \u00e0 votre convenance, nous rencontrer.<\/p>\n\n\n\n\n<div class=\"wpcf7 no-js\" id=\"wpcf7-f96-o1\" lang=\"fr-FR\" dir=\"ltr\" data-wpcf7-id=\"96\">\n<div class=\"screen-reader-response\"><p role=\"status\" aria-live=\"polite\" aria-atomic=\"true\"><\/p> <ul><\/ul><\/div>\n<form action=\"\/index.php\/wp-json\/wp\/v2\/pages\/30#wpcf7-f96-o1\" method=\"post\" class=\"wpcf7-form init\" aria-label=\"Formulaire de contact\" novalidate=\"novalidate\" data-status=\"init\">\n<fieldset class=\"hidden-fields-container\"><input type=\"hidden\" name=\"_wpcf7\" value=\"96\" \/><input type=\"hidden\" name=\"_wpcf7_version\" value=\"6.1.3\" \/><input type=\"hidden\" name=\"_wpcf7_locale\" value=\"fr_FR\" \/><input type=\"hidden\" name=\"_wpcf7_unit_tag\" value=\"wpcf7-f96-o1\" \/><input type=\"hidden\" name=\"_wpcf7_container_post\" value=\"0\" \/><input type=\"hidden\" name=\"_wpcf7_posted_data_hash\" value=\"\" \/>\n<\/fieldset>\n<p><label> Votre nom (obligatoire)<br \/>\n<span class=\"wpcf7-form-control-wrap\" data-name=\"your-name\"><input size=\"40\" maxlength=\"400\" class=\"wpcf7-form-control wpcf7-text wpcf7-validates-as-required\" aria-required=\"true\" aria-invalid=\"false\" value=\"\" type=\"text\" name=\"your-name\" \/><\/span> <\/label>\n<\/p>\n<p><label> Votre adresse de messagerie (obligatoire)<br \/>\n<span class=\"wpcf7-form-control-wrap\" data-name=\"your-email\"><input size=\"40\" maxlength=\"400\" class=\"wpcf7-form-control wpcf7-email wpcf7-validates-as-required wpcf7-text wpcf7-validates-as-email\" aria-required=\"true\" aria-invalid=\"false\" value=\"\" type=\"email\" name=\"your-email\" \/><\/span> <\/label>\n<\/p>\n<p><label> Objet<br \/>\n<span class=\"wpcf7-form-control-wrap\" data-name=\"your-subject\"><input size=\"40\" maxlength=\"400\" class=\"wpcf7-form-control wpcf7-text\" aria-invalid=\"false\" value=\"\" type=\"text\" name=\"your-subject\" \/><\/span> <\/label>\n<\/p>\n<p><label> Votre message<br \/>\n<span class=\"wpcf7-form-control-wrap\" data-name=\"your-message\"><textarea cols=\"40\" rows=\"10\" maxlength=\"2000\" class=\"wpcf7-form-control wpcf7-textarea\" aria-invalid=\"false\" name=\"your-message\"><\/textarea><\/span> <\/label>\n<\/p>\n<p><input class=\"wpcf7-form-control wpcf7-submit has-spinner\" type=\"submit\" value=\"Envoyer\" \/>\n<\/p><div class=\"wpcf7-response-output\" aria-hidden=\"true\"><\/div>\n<\/form>\n<\/div>\n\n\n\n\n<p><\/p>\n","protected":false},"excerpt":{"rendered":"<p>N&rsquo;h\u00e9sitez pas \u00e0 me contacter pour que nous \u00e9laborions ensemble une service sur mesure ! Nous pouvons, \u00e0 votre convenance, nous rencontrer.<\/p>\n","protected":false},"author":1,"featured_media":0,"parent":0,"menu_order":0,"comment_status":"closed","ping_status":"closed","template":"","meta":{"footnotes":""},"class_list":["post-30","page","type-page","status-publish","hentry"],"yoast_head":"<!-- This site is optimized with the Yoast SEO plugin v26.4 - https:\/\/yoast.com\/wordpress\/plugins\/seo\/ -->\n<title>Contact - Simplifiez Votre Quotidien<\/title>\n<meta name=\"robots\" content=\"index, follow, max-snippet:-1, max-image-preview:large, max-video-preview:-1\" \/>\n<link rel=\"canonical\" href=\"https:\/\/bulledair.agency\/index.php\/me-contacter\/\" \/>\n<meta property=\"og:locale\" content=\"fr_FR\" \/>\n<meta property=\"og:type\" content=\"article\" \/>\n<meta property=\"og:title\" content=\"Contact - Simplifiez Votre Quotidien\" \/>\n<meta property=\"og:description\" content=\"N&rsquo;h\u00e9sitez pas \u00e0 me contacter pour que nous \u00e9laborions ensemble une service sur mesure ! Nous pouvons, \u00e0 votre convenance, nous rencontrer.\" \/>\n<meta property=\"og:url\" content=\"https:\/\/bulledair.agency\/index.php\/me-contacter\/\" \/>\n<meta property=\"og:site_name\" content=\"Simplifiez Votre Quotidien\" \/>\n<meta property=\"article:modified_time\" content=\"2019-12-15T12:25:51+00:00\" \/>\n<meta name=\"twitter:card\" content=\"summary_large_image\" \/>\n<script type=\"application\/ld+json\" class=\"yoast-schema-graph\">{\"@context\":\"https:\/\/schema.org\",\"@graph\":[{\"@type\":\"WebPage\",\"@id\":\"https:\/\/bulledair.agency\/index.php\/me-contacter\/\",\"url\":\"https:\/\/bulledair.agency\/index.php\/me-contacter\/\",\"name\":\"Contact - Simplifiez Votre Quotidien\",\"isPartOf\":{\"@id\":\"https:\/\/bulledair.agency\/#website\"},\"datePublished\":\"2019-04-15T07:42:16+00:00\",\"dateModified\":\"2019-12-15T12:25:51+00:00\",\"breadcrumb\":{\"@id\":\"https:\/\/bulledair.agency\/index.php\/me-contacter\/#breadcrumb\"},\"inLanguage\":\"fr-FR\",\"potentialAction\":[{\"@type\":\"ReadAction\",\"target\":[\"https:\/\/bulledair.agency\/index.php\/me-contacter\/\"]}]},{\"@type\":\"BreadcrumbList\",\"@id\":\"https:\/\/bulledair.agency\/index.php\/me-contacter\/#breadcrumb\",\"itemListElement\":[{\"@type\":\"ListItem\",\"position\":1,\"name\":\"Accueil\",\"item\":\"https:\/\/bulledair.agency\/\"},{\"@type\":\"ListItem\",\"position\":2,\"name\":\"Contact\"}]},{\"@type\":\"WebSite\",\"@id\":\"https:\/\/bulledair.agency\/#website\",\"url\":\"https:\/\/bulledair.agency\/\",\"name\":\"Une Bulle d'Air - Sylvie B\u00e9lair Personal Organizer\",\"description\":\"Sylvie B\u00e9lair \/ Personal Organizer \/ Gestion de l&#039;espace &amp; du temps\",\"publisher\":{\"@id\":\"https:\/\/bulledair.agency\/#organization\"},\"potentialAction\":[{\"@type\":\"SearchAction\",\"target\":{\"@type\":\"EntryPoint\",\"urlTemplate\":\"https:\/\/bulledair.agency\/?s={search_term_string}\"},\"query-input\":{\"@type\":\"PropertyValueSpecification\",\"valueRequired\":true,\"valueName\":\"search_term_string\"}}],\"inLanguage\":\"fr-FR\"},{\"@type\":\"Organization\",\"@id\":\"https:\/\/bulledair.agency\/#organization\",\"name\":\"Une Bulle d'Air\",\"url\":\"https:\/\/bulledair.agency\/\",\"logo\":{\"@type\":\"ImageObject\",\"inLanguage\":\"fr-FR\",\"@id\":\"https:\/\/bulledair.agency\/#\/schema\/logo\/image\/\",\"url\":\"https:\/\/bulledair.agency\/wp-content\/uploads\/2019\/05\/header-bulledair-v1.jpg\",\"contentUrl\":\"https:\/\/bulledair.agency\/wp-content\/uploads\/2019\/05\/header-bulledair-v1.jpg\",\"width\":1600,\"height\":264,\"caption\":\"Une Bulle d'Air\"},\"image\":{\"@id\":\"https:\/\/bulledair.agency\/#\/schema\/logo\/image\/\"}}]}<\/script>\n<!-- \/ Yoast SEO plugin. -->","yoast_head_json":{"title":"Contact - Simplifiez Votre Quotidien","robots":{"index":"index","follow":"follow","max-snippet":"max-snippet:-1","max-image-preview":"max-image-preview:large","max-video-preview":"max-video-preview:-1"},"canonical":"https:\/\/bulledair.agency\/index.php\/me-contacter\/","og_locale":"fr_FR","og_type":"article","og_title":"Contact - Simplifiez Votre Quotidien","og_description":"N&rsquo;h\u00e9sitez pas \u00e0 me contacter pour que nous \u00e9laborions ensemble une service sur mesure ! Nous pouvons, \u00e0 votre convenance, nous rencontrer.","og_url":"https:\/\/bulledair.agency\/index.php\/me-contacter\/","og_site_name":"Simplifiez Votre Quotidien","article_modified_time":"2019-12-15T12:25:51+00:00","twitter_card":"summary_large_image","schema":{"@context":"https:\/\/schema.org","@graph":[{"@type":"WebPage","@id":"https:\/\/bulledair.agency\/index.php\/me-contacter\/","url":"https:\/\/bulledair.agency\/index.php\/me-contacter\/","name":"Contact - Simplifiez Votre Quotidien","isPartOf":{"@id":"https:\/\/bulledair.agency\/#website"},"datePublished":"2019-04-15T07:42:16+00:00","dateModified":"2019-12-15T12:25:51+00:00","breadcrumb":{"@id":"https:\/\/bulledair.agency\/index.php\/me-contacter\/#breadcrumb"},"inLanguage":"fr-FR","potentialAction":[{"@type":"ReadAction","target":["https:\/\/bulledair.agency\/index.php\/me-contacter\/"]}]},{"@type":"BreadcrumbList","@id":"https:\/\/bulledair.agency\/index.php\/me-contacter\/#breadcrumb","itemListElement":[{"@type":"ListItem","position":1,"name":"Accueil","item":"https:\/\/bulledair.agency\/"},{"@type":"ListItem","position":2,"name":"Contact"}]},{"@type":"WebSite","@id":"https:\/\/bulledair.agency\/#website","url":"https:\/\/bulledair.agency\/","name":"Une Bulle d'Air - Sylvie B\u00e9lair Personal Organizer","description":"Sylvie B\u00e9lair \/ Personal Organizer \/ Gestion de l&#039;espace &amp; du temps","publisher":{"@id":"https:\/\/bulledair.agency\/#organization"},"potentialAction":[{"@type":"SearchAction","target":{"@type":"EntryPoint","urlTemplate":"https:\/\/bulledair.agency\/?s={search_term_string}"},"query-input":{"@type":"PropertyValueSpecification","valueRequired":true,"valueName":"search_term_string"}}],"inLanguage":"fr-FR"},{"@type":"Organization","@id":"https:\/\/bulledair.agency\/#organization","name":"Une Bulle d'Air","url":"https:\/\/bulledair.agency\/","logo":{"@type":"ImageObject","inLanguage":"fr-FR","@id":"https:\/\/bulledair.agency\/#\/schema\/logo\/image\/","url":"https:\/\/bulledair.agency\/wp-content\/uploads\/2019\/05\/header-bulledair-v1.jpg","contentUrl":"https:\/\/bulledair.agency\/wp-content\/uploads\/2019\/05\/header-bulledair-v1.jpg","width":1600,"height":264,"caption":"Une Bulle d'Air"},"image":{"@id":"https:\/\/bulledair.agency\/#\/schema\/logo\/image\/"}}]}},"_links":{"self":[{"href":"https:\/\/bulledair.agency\/index.php\/wp-json\/wp\/v2\/pages\/30","targetHints":{"allow":["GET"]}}],"collection":[{"href":"https:\/\/bulledair.agency\/index.php\/wp-json\/wp\/v2\/pages"}],"about":[{"href":"https:\/\/bulledair.agency\/index.php\/wp-json\/wp\/v2\/types\/page"}],"author":[{"embeddable":true,"href":"https:\/\/bulledair.agency\/index.php\/wp-json\/wp\/v2\/users\/1"}],"replies":[{"embeddable":true,"href":"https:\/\/bulledair.agency\/index.php\/wp-json\/wp\/v2\/comments?post=30"}],"version-history":[{"count":15,"href":"https:\/\/bulledair.agency\/index.php\/wp-json\/wp\/v2\/pages\/30\/revisions"}],"predecessor-version":[{"id":175,"href":"https:\/\/bulledair.agency\/index.php\/wp-json\/wp\/v2\/pages\/30\/revisions\/175"}],"wp:attachment":[{"href":"https:\/\/bulledair.agency\/index.php\/wp-json\/wp\/v2\/media?parent=30"}],"curies":[{"name":"wp","href":"https:\/\/api.w.org\/{rel}","templated":true}]}}