{"id":29,"date":"2019-04-15T09:42:16","date_gmt":"2019-04-15T07:42:16","guid":{"rendered":"http:\/\/bulledair.agency\/?page_id=29"},"modified":"2025-11-25T17:47:25","modified_gmt":"2025-11-25T16:47:25","slug":"a-propos-de-moi","status":"publish","type":"page","link":"https:\/\/bulledair.agency\/","title":{"rendered":"Sylvie B\u00e9lair &#8230;"},"content":{"rendered":"\n<p><strong>Dot\u00e9e d&rsquo;un sens inn\u00e9 pour l&rsquo;organisation et une passion pour simplifier la vie de mes clients, je suis l\u00e0 pour vous accompagner et all\u00e9ger votre quotidien en toute confidentialit\u00e9. Ma mission est de cr\u00e9er un environnement harmonieux o\u00f9 chaque d\u00e9tail est pris en compte avec soin, vous permettant ainsi de vous concentrer sur ce qui compte vraiment pour vous. <\/strong><\/p>\n\n\n\n<p class=\"has-luminous-vivid-orange-color has-text-color has-link-color wp-elements-cc4c909c8d5bae3724a51b7861f9d151\"><strong>Faites-moi confiance pour rendre chaque jour, votre quotidien, plus fluide et agr\u00e9able !<\/strong><\/p>\n\n\n<div class=\"wp-block-image is-resized\">\n<figure class=\"alignright size-full\"><img loading=\"lazy\" decoding=\"async\" width=\"1297\" height=\"1596\" src=\"https:\/\/bulledair.agency\/wp-content\/uploads\/2025\/11\/SBBW.jpg\" alt=\"\" class=\"wp-image-291\" style=\"width:366px;height:auto\" srcset=\"https:\/\/bulledair.agency\/wp-content\/uploads\/2025\/11\/SBBW.jpg 1297w, https:\/\/bulledair.agency\/wp-content\/uploads\/2025\/11\/SBBW-244x300.jpg 244w, https:\/\/bulledair.agency\/wp-content\/uploads\/2025\/11\/SBBW-832x1024.jpg 832w, https:\/\/bulledair.agency\/wp-content\/uploads\/2025\/11\/SBBW-768x945.jpg 768w, https:\/\/bulledair.agency\/wp-content\/uploads\/2025\/11\/SBBW-1248x1536.jpg 1248w\" sizes=\"auto, (max-width: 1297px) 100vw, 1297px\" \/><\/figure><\/div>\n\n\n<p><\/p>\n\n\n\n<p><strong>Ce que je peux vous apporter : <\/strong><\/p>\n\n\n\n<ul class=\"wp-block-list\">\n<li>Planifier des t\u00e2ches et des \u00e9v\u00e9nements<\/li>\n\n\n\n<li>Organiser vies professionnelle et personnelle <\/li>\n\n\n\n<li>Sens de la communication et du relationnel<\/li>\n\n\n\n<li>Rigueur et pr\u00e9cision<\/li>\n\n\n\n<li>\u00c9coute et discr\u00e9tion<\/li>\n\n\n\n<li>Flexibilit\u00e9 et autonomie<\/li>\n<\/ul>\n\n\n\n<p> \u00c0 bient\u00f4t !<\/p>\n\n\n\n<p>Sylvie BELAIR<\/p>\n","protected":false},"excerpt":{"rendered":"<p>Dot\u00e9e d&rsquo;un sens inn\u00e9 pour l&rsquo;organisation et une passion pour simplifier la vie de mes clients, je suis l\u00e0 pour vous accompagner et all\u00e9ger votre quotidien en toute confidentialit\u00e9. Ma mission est de cr\u00e9er un environnement harmonieux o\u00f9 chaque d\u00e9tail est pris en compte avec soin, vous permettant ainsi de vous concentrer sur ce qui [&hellip;]<\/p>\n","protected":false},"author":1,"featured_media":0,"parent":0,"menu_order":0,"comment_status":"closed","ping_status":"closed","template":"","meta":{"footnotes":""},"class_list":["post-29","page","type-page","status-publish","hentry"],"yoast_head":"<!-- This site is optimized with the Yoast SEO plugin v26.4 - https:\/\/yoast.com\/wordpress\/plugins\/seo\/ -->\n<title>Sylvie B\u00e9lair ... - Simplifiez Votre Quotidien<\/title>\n<meta name=\"robots\" content=\"index, follow, max-snippet:-1, max-image-preview:large, max-video-preview:-1\" \/>\n<link rel=\"canonical\" href=\"https:\/\/bulledair.agency\/\" \/>\n<meta property=\"og:locale\" content=\"fr_FR\" \/>\n<meta property=\"og:type\" content=\"article\" \/>\n<meta property=\"og:title\" content=\"Sylvie B\u00e9lair ... - Simplifiez Votre Quotidien\" \/>\n<meta property=\"og:description\" content=\"Dot\u00e9e d&rsquo;un sens inn\u00e9 pour l&rsquo;organisation et une passion pour simplifier la vie de mes clients, je suis l\u00e0 pour vous accompagner et all\u00e9ger votre quotidien en toute confidentialit\u00e9. Ma mission est de cr\u00e9er un environnement harmonieux o\u00f9 chaque d\u00e9tail est pris en compte avec soin, vous permettant ainsi de vous concentrer sur ce qui [&hellip;]\" \/>\n<meta property=\"og:url\" content=\"https:\/\/bulledair.agency\/\" \/>\n<meta property=\"og:site_name\" content=\"Simplifiez Votre Quotidien\" \/>\n<meta property=\"article:modified_time\" content=\"2025-11-25T16:47:25+00:00\" \/>\n<meta property=\"og:image\" content=\"https:\/\/bulledair.agency\/wp-content\/uploads\/2025\/11\/SBBW.jpg\" \/>\n\t<meta property=\"og:image:width\" content=\"1297\" \/>\n\t<meta property=\"og:image:height\" content=\"1596\" \/>\n\t<meta property=\"og:image:type\" content=\"image\/jpeg\" \/>\n<meta name=\"twitter:card\" content=\"summary_large_image\" \/>\n<meta name=\"twitter:label1\" content=\"Dur\u00e9e de lecture estim\u00e9e\" \/>\n\t<meta name=\"twitter:data1\" content=\"1 minute\" \/>\n<script type=\"application\/ld+json\" class=\"yoast-schema-graph\">{\"@context\":\"https:\/\/schema.org\",\"@graph\":[{\"@type\":\"WebPage\",\"@id\":\"https:\/\/bulledair.agency\/\",\"url\":\"https:\/\/bulledair.agency\/\",\"name\":\"Sylvie B\u00e9lair ... - Simplifiez Votre Quotidien\",\"isPartOf\":{\"@id\":\"https:\/\/bulledair.agency\/#website\"},\"primaryImageOfPage\":{\"@id\":\"https:\/\/bulledair.agency\/#primaryimage\"},\"image\":{\"@id\":\"https:\/\/bulledair.agency\/#primaryimage\"},\"thumbnailUrl\":\"https:\/\/bulledair.agency\/wp-content\/uploads\/2025\/11\/SBBW.jpg\",\"datePublished\":\"2019-04-15T07:42:16+00:00\",\"dateModified\":\"2025-11-25T16:47:25+00:00\",\"breadcrumb\":{\"@id\":\"https:\/\/bulledair.agency\/#breadcrumb\"},\"inLanguage\":\"fr-FR\",\"potentialAction\":[{\"@type\":\"ReadAction\",\"target\":[\"https:\/\/bulledair.agency\/\"]}]},{\"@type\":\"ImageObject\",\"inLanguage\":\"fr-FR\",\"@id\":\"https:\/\/bulledair.agency\/#primaryimage\",\"url\":\"https:\/\/bulledair.agency\/wp-content\/uploads\/2025\/11\/SBBW.jpg\",\"contentUrl\":\"https:\/\/bulledair.agency\/wp-content\/uploads\/2025\/11\/SBBW.jpg\",\"width\":1297,\"height\":1596},{\"@type\":\"BreadcrumbList\",\"@id\":\"https:\/\/bulledair.agency\/#breadcrumb\",\"itemListElement\":[{\"@type\":\"ListItem\",\"position\":1,\"name\":\"Accueil\",\"item\":\"https:\/\/bulledair.agency\/\"},{\"@type\":\"ListItem\",\"position\":2,\"name\":\"Sylvie B\u00e9lair &#8230;\"}]},{\"@type\":\"WebSite\",\"@id\":\"https:\/\/bulledair.agency\/#website\",\"url\":\"https:\/\/bulledair.agency\/\",\"name\":\"Une Bulle d'Air - Sylvie B\u00e9lair Personal Organizer\",\"description\":\"Sylvie B\u00e9lair \/ Personal Organizer \/ Gestion de l&#039;espace &amp; du temps\",\"publisher\":{\"@id\":\"https:\/\/bulledair.agency\/#organization\"},\"potentialAction\":[{\"@type\":\"SearchAction\",\"target\":{\"@type\":\"EntryPoint\",\"urlTemplate\":\"https:\/\/bulledair.agency\/?s={search_term_string}\"},\"query-input\":{\"@type\":\"PropertyValueSpecification\",\"valueRequired\":true,\"valueName\":\"search_term_string\"}}],\"inLanguage\":\"fr-FR\"},{\"@type\":\"Organization\",\"@id\":\"https:\/\/bulledair.agency\/#organization\",\"name\":\"Une Bulle d'Air\",\"url\":\"https:\/\/bulledair.agency\/\",\"logo\":{\"@type\":\"ImageObject\",\"inLanguage\":\"fr-FR\",\"@id\":\"https:\/\/bulledair.agency\/#\/schema\/logo\/image\/\",\"url\":\"https:\/\/bulledair.agency\/wp-content\/uploads\/2019\/05\/header-bulledair-v1.jpg\",\"contentUrl\":\"https:\/\/bulledair.agency\/wp-content\/uploads\/2019\/05\/header-bulledair-v1.jpg\",\"width\":1600,\"height\":264,\"caption\":\"Une Bulle d'Air\"},\"image\":{\"@id\":\"https:\/\/bulledair.agency\/#\/schema\/logo\/image\/\"}}]}<\/script>\n<!-- \/ Yoast SEO plugin. -->","yoast_head_json":{"title":"Sylvie B\u00e9lair ... - Simplifiez Votre Quotidien","robots":{"index":"index","follow":"follow","max-snippet":"max-snippet:-1","max-image-preview":"max-image-preview:large","max-video-preview":"max-video-preview:-1"},"canonical":"https:\/\/bulledair.agency\/","og_locale":"fr_FR","og_type":"article","og_title":"Sylvie B\u00e9lair ... - Simplifiez Votre Quotidien","og_description":"Dot\u00e9e d&rsquo;un sens inn\u00e9 pour l&rsquo;organisation et une passion pour simplifier la vie de mes clients, je suis l\u00e0 pour vous accompagner et all\u00e9ger votre quotidien en toute confidentialit\u00e9. Ma mission est de cr\u00e9er un environnement harmonieux o\u00f9 chaque d\u00e9tail est pris en compte avec soin, vous permettant ainsi de vous concentrer sur ce qui [&hellip;]","og_url":"https:\/\/bulledair.agency\/","og_site_name":"Simplifiez Votre Quotidien","article_modified_time":"2025-11-25T16:47:25+00:00","og_image":[{"width":1297,"height":1596,"url":"https:\/\/bulledair.agency\/wp-content\/uploads\/2025\/11\/SBBW.jpg","type":"image\/jpeg"}],"twitter_card":"summary_large_image","twitter_misc":{"Dur\u00e9e de lecture estim\u00e9e":"1 minute"},"schema":{"@context":"https:\/\/schema.org","@graph":[{"@type":"WebPage","@id":"https:\/\/bulledair.agency\/","url":"https:\/\/bulledair.agency\/","name":"Sylvie B\u00e9lair ... - Simplifiez Votre Quotidien","isPartOf":{"@id":"https:\/\/bulledair.agency\/#website"},"primaryImageOfPage":{"@id":"https:\/\/bulledair.agency\/#primaryimage"},"image":{"@id":"https:\/\/bulledair.agency\/#primaryimage"},"thumbnailUrl":"https:\/\/bulledair.agency\/wp-content\/uploads\/2025\/11\/SBBW.jpg","datePublished":"2019-04-15T07:42:16+00:00","dateModified":"2025-11-25T16:47:25+00:00","breadcrumb":{"@id":"https:\/\/bulledair.agency\/#breadcrumb"},"inLanguage":"fr-FR","potentialAction":[{"@type":"ReadAction","target":["https:\/\/bulledair.agency\/"]}]},{"@type":"ImageObject","inLanguage":"fr-FR","@id":"https:\/\/bulledair.agency\/#primaryimage","url":"https:\/\/bulledair.agency\/wp-content\/uploads\/2025\/11\/SBBW.jpg","contentUrl":"https:\/\/bulledair.agency\/wp-content\/uploads\/2025\/11\/SBBW.jpg","width":1297,"height":1596},{"@type":"BreadcrumbList","@id":"https:\/\/bulledair.agency\/#breadcrumb","itemListElement":[{"@type":"ListItem","position":1,"name":"Accueil","item":"https:\/\/bulledair.agency\/"},{"@type":"ListItem","position":2,"name":"Sylvie B\u00e9lair &#8230;"}]},{"@type":"WebSite","@id":"https:\/\/bulledair.agency\/#website","url":"https:\/\/bulledair.agency\/","name":"Une Bulle d'Air - Sylvie B\u00e9lair Personal Organizer","description":"Sylvie B\u00e9lair \/ Personal Organizer \/ Gestion de l&#039;espace &amp; du temps","publisher":{"@id":"https:\/\/bulledair.agency\/#organization"},"potentialAction":[{"@type":"SearchAction","target":{"@type":"EntryPoint","urlTemplate":"https:\/\/bulledair.agency\/?s={search_term_string}"},"query-input":{"@type":"PropertyValueSpecification","valueRequired":true,"valueName":"search_term_string"}}],"inLanguage":"fr-FR"},{"@type":"Organization","@id":"https:\/\/bulledair.agency\/#organization","name":"Une Bulle d'Air","url":"https:\/\/bulledair.agency\/","logo":{"@type":"ImageObject","inLanguage":"fr-FR","@id":"https:\/\/bulledair.agency\/#\/schema\/logo\/image\/","url":"https:\/\/bulledair.agency\/wp-content\/uploads\/2019\/05\/header-bulledair-v1.jpg","contentUrl":"https:\/\/bulledair.agency\/wp-content\/uploads\/2019\/05\/header-bulledair-v1.jpg","width":1600,"height":264,"caption":"Une Bulle d'Air"},"image":{"@id":"https:\/\/bulledair.agency\/#\/schema\/logo\/image\/"}}]}},"_links":{"self":[{"href":"https:\/\/bulledair.agency\/index.php\/wp-json\/wp\/v2\/pages\/29","targetHints":{"allow":["GET"]}}],"collection":[{"href":"https:\/\/bulledair.agency\/index.php\/wp-json\/wp\/v2\/pages"}],"about":[{"href":"https:\/\/bulledair.agency\/index.php\/wp-json\/wp\/v2\/types\/page"}],"author":[{"embeddable":true,"href":"https:\/\/bulledair.agency\/index.php\/wp-json\/wp\/v2\/users\/1"}],"replies":[{"embeddable":true,"href":"https:\/\/bulledair.agency\/index.php\/wp-json\/wp\/v2\/comments?post=29"}],"version-history":[{"count":38,"href":"https:\/\/bulledair.agency\/index.php\/wp-json\/wp\/v2\/pages\/29\/revisions"}],"predecessor-version":[{"id":292,"href":"https:\/\/bulledair.agency\/index.php\/wp-json\/wp\/v2\/pages\/29\/revisions\/292"}],"wp:attachment":[{"href":"https:\/\/bulledair.agency\/index.php\/wp-json\/wp\/v2\/media?parent=29"}],"curies":[{"name":"wp","href":"https:\/\/api.w.org\/{rel}","templated":true}]}}