{"id":28,"date":"2019-04-15T09:42:16","date_gmt":"2019-04-15T07:42:16","guid":{"rendered":"http:\/\/bulledair.agency\/?page_id=28"},"modified":"2025-01-30T15:32:45","modified_gmt":"2025-01-30T14:32:45","slug":"dressing","status":"publish","type":"page","link":"https:\/\/bulledair.agency\/index.php\/dressing\/","title":{"rendered":"Dressing &amp; Maison"},"content":{"rendered":"\n<p><strong>Ne cherchez plus, je r\u00e9organise tout avec vous !<\/strong><\/p>\n\n\n\n<p class=\"has-medium-font-size\"><mark style=\"background-color:rgba(0, 0, 0, 0)\" class=\"has-inline-color has-luminous-vivid-orange-color\"><strong>LE DRESSING<\/strong>&nbsp;<\/mark><\/p>\n\n\n\n<p class=\"has-text-align-left has-small-font-size\">Certain le consid\u00e8re comme un art. Le rangement des v\u00eatements est en tout cas un v\u00e9ritable coup de pouce, surtout pour choisir ses tenues plus facilement, les conserver en bon \u00e9tat et gagner de la place dans son dressing. Ne cherchez plus, je suis l\u00e0 !<\/p>\n\n\n\n<p class=\"has-text-align-left has-small-font-size\">Changez vos habitudes ! Un dressing bien rang\u00e9 doit vous permettre de choisir vos tenues simplement, et surtout, rapidement. Rangez ses v\u00eatements de la fa\u00e7on la plus pratique vous facilitera la vie. <\/p>\n\n\n\n<figure class=\"wp-block-image\"><img loading=\"lazy\" decoding=\"async\" width=\"1024\" height=\"365\" src=\"https:\/\/bulledair.agency\/wp-content\/uploads\/2019\/04\/bulledair.agency-Dressing-1024x365.jpg\" alt=\"Une Bulle d'Air - Sylvie B\u00e9lair\" class=\"wp-image-58\" srcset=\"https:\/\/bulledair.agency\/wp-content\/uploads\/2019\/04\/bulledair.agency-Dressing-1024x365.jpg 1024w, https:\/\/bulledair.agency\/wp-content\/uploads\/2019\/04\/bulledair.agency-Dressing-300x107.jpg 300w, https:\/\/bulledair.agency\/wp-content\/uploads\/2019\/04\/bulledair.agency-Dressing-768x274.jpg 768w, https:\/\/bulledair.agency\/wp-content\/uploads\/2019\/04\/bulledair.agency-Dressing-842x300.jpg 842w, https:\/\/bulledair.agency\/wp-content\/uploads\/2019\/04\/bulledair.agency-Dressing.jpg 1159w\" sizes=\"auto, (max-width: 1024px) 100vw, 1024px\" \/><\/figure>\n\n\n\n<ul class=\"wp-block-list\">\n<li class=\"has-small-font-size\">Organisation de vos rangements<\/li>\n\n\n\n<li class=\"has-small-font-size\">Am\u00e9nagement et optimisation de vos espaces<\/li>\n\n\n\n<li class=\"has-small-font-size\">Tri, vente et don de v\u00eatements, &#8230;<\/li>\n<\/ul>\n\n\n\n<p class=\"has-medium-font-size\"><mark style=\"background-color:rgba(0, 0, 0, 0)\" class=\"has-inline-color has-luminous-vivid-orange-color\"><strong>LA MAISON, EMM\u00c9NAGEMENT, D\u00c9M\u00c9NAGEMENT, <\/strong>&#8230;<\/mark><\/p>\n\n\n\n<p class=\"has-small-font-size\"><\/p>\n\n\n\n<ul class=\"wp-block-list\">\n<li class=\"has-small-font-size\">Accompagnement dans l\u2019achat, la location ou l&rsquo;am\u00e9nagement de votre nouveau lieu<\/li>\n\n\n\n<li class=\"has-small-font-size\">D\u00e9m\u00e9nagement  : choix du prestataire, demande de devis, plannification, suivi, coordination, &#8230;<\/li>\n\n\n\n<li class=\"has-small-font-size\">Superviser les travaux, &#8230;<\/li>\n<\/ul>\n\n\n\n<p><\/p>\n","protected":false},"excerpt":{"rendered":"<p>Ne cherchez plus, je r\u00e9organise tout avec vous ! LE DRESSING&nbsp; Certain le consid\u00e8re comme un art. Le rangement des v\u00eatements est en tout cas un v\u00e9ritable coup de pouce, surtout pour choisir ses tenues plus facilement, les conserver en bon \u00e9tat et gagner de la place dans son dressing. Ne cherchez plus, je suis [&hellip;]<\/p>\n","protected":false},"author":1,"featured_media":0,"parent":0,"menu_order":0,"comment_status":"closed","ping_status":"closed","template":"","meta":{"footnotes":""},"class_list":["post-28","page","type-page","status-publish","hentry"],"yoast_head":"<!-- This site is optimized with the Yoast SEO plugin v26.4 - https:\/\/yoast.com\/wordpress\/plugins\/seo\/ -->\n<title>Dressing &amp; Maison - Simplifiez Votre Quotidien<\/title>\n<meta name=\"robots\" content=\"index, follow, max-snippet:-1, max-image-preview:large, max-video-preview:-1\" \/>\n<link rel=\"canonical\" href=\"https:\/\/bulledair.agency\/index.php\/dressing\/\" \/>\n<meta property=\"og:locale\" content=\"fr_FR\" \/>\n<meta property=\"og:type\" content=\"article\" \/>\n<meta property=\"og:title\" content=\"Dressing &amp; Maison - Simplifiez Votre Quotidien\" \/>\n<meta property=\"og:description\" content=\"Ne cherchez plus, je r\u00e9organise tout avec vous ! LE DRESSING&nbsp; Certain le consid\u00e8re comme un art. Le rangement des v\u00eatements est en tout cas un v\u00e9ritable coup de pouce, surtout pour choisir ses tenues plus facilement, les conserver en bon \u00e9tat et gagner de la place dans son dressing. Ne cherchez plus, je suis [&hellip;]\" \/>\n<meta property=\"og:url\" content=\"https:\/\/bulledair.agency\/index.php\/dressing\/\" \/>\n<meta property=\"og:site_name\" content=\"Simplifiez Votre Quotidien\" \/>\n<meta property=\"article:modified_time\" content=\"2025-01-30T14:32:45+00:00\" \/>\n<meta property=\"og:image\" content=\"http:\/\/bulledair.agency\/wp-content\/uploads\/2019\/04\/bulledair.agency-Dressing-1024x365.jpg\" \/>\n<meta name=\"twitter:card\" content=\"summary_large_image\" \/>\n<meta name=\"twitter:label1\" content=\"Dur\u00e9e de lecture estim\u00e9e\" \/>\n\t<meta name=\"twitter:data1\" content=\"1 minute\" \/>\n<script type=\"application\/ld+json\" class=\"yoast-schema-graph\">{\"@context\":\"https:\/\/schema.org\",\"@graph\":[{\"@type\":\"WebPage\",\"@id\":\"https:\/\/bulledair.agency\/index.php\/dressing\/\",\"url\":\"https:\/\/bulledair.agency\/index.php\/dressing\/\",\"name\":\"Dressing &amp; Maison - Simplifiez Votre Quotidien\",\"isPartOf\":{\"@id\":\"https:\/\/bulledair.agency\/#website\"},\"primaryImageOfPage\":{\"@id\":\"https:\/\/bulledair.agency\/index.php\/dressing\/#primaryimage\"},\"image\":{\"@id\":\"https:\/\/bulledair.agency\/index.php\/dressing\/#primaryimage\"},\"thumbnailUrl\":\"http:\/\/bulledair.agency\/wp-content\/uploads\/2019\/04\/bulledair.agency-Dressing-1024x365.jpg\",\"datePublished\":\"2019-04-15T07:42:16+00:00\",\"dateModified\":\"2025-01-30T14:32:45+00:00\",\"breadcrumb\":{\"@id\":\"https:\/\/bulledair.agency\/index.php\/dressing\/#breadcrumb\"},\"inLanguage\":\"fr-FR\",\"potentialAction\":[{\"@type\":\"ReadAction\",\"target\":[\"https:\/\/bulledair.agency\/index.php\/dressing\/\"]}]},{\"@type\":\"ImageObject\",\"inLanguage\":\"fr-FR\",\"@id\":\"https:\/\/bulledair.agency\/index.php\/dressing\/#primaryimage\",\"url\":\"http:\/\/bulledair.agency\/wp-content\/uploads\/2019\/04\/bulledair.agency-Dressing-1024x365.jpg\",\"contentUrl\":\"http:\/\/bulledair.agency\/wp-content\/uploads\/2019\/04\/bulledair.agency-Dressing-1024x365.jpg\"},{\"@type\":\"BreadcrumbList\",\"@id\":\"https:\/\/bulledair.agency\/index.php\/dressing\/#breadcrumb\",\"itemListElement\":[{\"@type\":\"ListItem\",\"position\":1,\"name\":\"Accueil\",\"item\":\"https:\/\/bulledair.agency\/\"},{\"@type\":\"ListItem\",\"position\":2,\"name\":\"Dressing &amp; Maison\"}]},{\"@type\":\"WebSite\",\"@id\":\"https:\/\/bulledair.agency\/#website\",\"url\":\"https:\/\/bulledair.agency\/\",\"name\":\"Une Bulle d'Air - Sylvie B\u00e9lair Personal Organizer\",\"description\":\"Sylvie B\u00e9lair \/ Personal Organizer \/ Gestion de l&#039;espace &amp; du temps\",\"publisher\":{\"@id\":\"https:\/\/bulledair.agency\/#organization\"},\"potentialAction\":[{\"@type\":\"SearchAction\",\"target\":{\"@type\":\"EntryPoint\",\"urlTemplate\":\"https:\/\/bulledair.agency\/?s={search_term_string}\"},\"query-input\":{\"@type\":\"PropertyValueSpecification\",\"valueRequired\":true,\"valueName\":\"search_term_string\"}}],\"inLanguage\":\"fr-FR\"},{\"@type\":\"Organization\",\"@id\":\"https:\/\/bulledair.agency\/#organization\",\"name\":\"Une Bulle d'Air\",\"url\":\"https:\/\/bulledair.agency\/\",\"logo\":{\"@type\":\"ImageObject\",\"inLanguage\":\"fr-FR\",\"@id\":\"https:\/\/bulledair.agency\/#\/schema\/logo\/image\/\",\"url\":\"https:\/\/bulledair.agency\/wp-content\/uploads\/2019\/05\/header-bulledair-v1.jpg\",\"contentUrl\":\"https:\/\/bulledair.agency\/wp-content\/uploads\/2019\/05\/header-bulledair-v1.jpg\",\"width\":1600,\"height\":264,\"caption\":\"Une Bulle d'Air\"},\"image\":{\"@id\":\"https:\/\/bulledair.agency\/#\/schema\/logo\/image\/\"}}]}<\/script>\n<!-- \/ Yoast SEO plugin. -->","yoast_head_json":{"title":"Dressing &amp; Maison - Simplifiez Votre Quotidien","robots":{"index":"index","follow":"follow","max-snippet":"max-snippet:-1","max-image-preview":"max-image-preview:large","max-video-preview":"max-video-preview:-1"},"canonical":"https:\/\/bulledair.agency\/index.php\/dressing\/","og_locale":"fr_FR","og_type":"article","og_title":"Dressing &amp; Maison - Simplifiez Votre Quotidien","og_description":"Ne cherchez plus, je r\u00e9organise tout avec vous ! LE DRESSING&nbsp; Certain le consid\u00e8re comme un art. Le rangement des v\u00eatements est en tout cas un v\u00e9ritable coup de pouce, surtout pour choisir ses tenues plus facilement, les conserver en bon \u00e9tat et gagner de la place dans son dressing. Ne cherchez plus, je suis [&hellip;]","og_url":"https:\/\/bulledair.agency\/index.php\/dressing\/","og_site_name":"Simplifiez Votre Quotidien","article_modified_time":"2025-01-30T14:32:45+00:00","og_image":[{"url":"http:\/\/bulledair.agency\/wp-content\/uploads\/2019\/04\/bulledair.agency-Dressing-1024x365.jpg","type":"","width":"","height":""}],"twitter_card":"summary_large_image","twitter_misc":{"Dur\u00e9e de lecture estim\u00e9e":"1 minute"},"schema":{"@context":"https:\/\/schema.org","@graph":[{"@type":"WebPage","@id":"https:\/\/bulledair.agency\/index.php\/dressing\/","url":"https:\/\/bulledair.agency\/index.php\/dressing\/","name":"Dressing &amp; Maison - Simplifiez Votre Quotidien","isPartOf":{"@id":"https:\/\/bulledair.agency\/#website"},"primaryImageOfPage":{"@id":"https:\/\/bulledair.agency\/index.php\/dressing\/#primaryimage"},"image":{"@id":"https:\/\/bulledair.agency\/index.php\/dressing\/#primaryimage"},"thumbnailUrl":"http:\/\/bulledair.agency\/wp-content\/uploads\/2019\/04\/bulledair.agency-Dressing-1024x365.jpg","datePublished":"2019-04-15T07:42:16+00:00","dateModified":"2025-01-30T14:32:45+00:00","breadcrumb":{"@id":"https:\/\/bulledair.agency\/index.php\/dressing\/#breadcrumb"},"inLanguage":"fr-FR","potentialAction":[{"@type":"ReadAction","target":["https:\/\/bulledair.agency\/index.php\/dressing\/"]}]},{"@type":"ImageObject","inLanguage":"fr-FR","@id":"https:\/\/bulledair.agency\/index.php\/dressing\/#primaryimage","url":"http:\/\/bulledair.agency\/wp-content\/uploads\/2019\/04\/bulledair.agency-Dressing-1024x365.jpg","contentUrl":"http:\/\/bulledair.agency\/wp-content\/uploads\/2019\/04\/bulledair.agency-Dressing-1024x365.jpg"},{"@type":"BreadcrumbList","@id":"https:\/\/bulledair.agency\/index.php\/dressing\/#breadcrumb","itemListElement":[{"@type":"ListItem","position":1,"name":"Accueil","item":"https:\/\/bulledair.agency\/"},{"@type":"ListItem","position":2,"name":"Dressing &amp; Maison"}]},{"@type":"WebSite","@id":"https:\/\/bulledair.agency\/#website","url":"https:\/\/bulledair.agency\/","name":"Une Bulle d'Air - Sylvie B\u00e9lair Personal Organizer","description":"Sylvie B\u00e9lair \/ Personal Organizer \/ Gestion de l&#039;espace &amp; du temps","publisher":{"@id":"https:\/\/bulledair.agency\/#organization"},"potentialAction":[{"@type":"SearchAction","target":{"@type":"EntryPoint","urlTemplate":"https:\/\/bulledair.agency\/?s={search_term_string}"},"query-input":{"@type":"PropertyValueSpecification","valueRequired":true,"valueName":"search_term_string"}}],"inLanguage":"fr-FR"},{"@type":"Organization","@id":"https:\/\/bulledair.agency\/#organization","name":"Une Bulle d'Air","url":"https:\/\/bulledair.agency\/","logo":{"@type":"ImageObject","inLanguage":"fr-FR","@id":"https:\/\/bulledair.agency\/#\/schema\/logo\/image\/","url":"https:\/\/bulledair.agency\/wp-content\/uploads\/2019\/05\/header-bulledair-v1.jpg","contentUrl":"https:\/\/bulledair.agency\/wp-content\/uploads\/2019\/05\/header-bulledair-v1.jpg","width":1600,"height":264,"caption":"Une Bulle d'Air"},"image":{"@id":"https:\/\/bulledair.agency\/#\/schema\/logo\/image\/"}}]}},"_links":{"self":[{"href":"https:\/\/bulledair.agency\/index.php\/wp-json\/wp\/v2\/pages\/28","targetHints":{"allow":["GET"]}}],"collection":[{"href":"https:\/\/bulledair.agency\/index.php\/wp-json\/wp\/v2\/pages"}],"about":[{"href":"https:\/\/bulledair.agency\/index.php\/wp-json\/wp\/v2\/types\/page"}],"author":[{"embeddable":true,"href":"https:\/\/bulledair.agency\/index.php\/wp-json\/wp\/v2\/users\/1"}],"replies":[{"embeddable":true,"href":"https:\/\/bulledair.agency\/index.php\/wp-json\/wp\/v2\/comments?post=28"}],"version-history":[{"count":24,"href":"https:\/\/bulledair.agency\/index.php\/wp-json\/wp\/v2\/pages\/28\/revisions"}],"predecessor-version":[{"id":284,"href":"https:\/\/bulledair.agency\/index.php\/wp-json\/wp\/v2\/pages\/28\/revisions\/284"}],"wp:attachment":[{"href":"https:\/\/bulledair.agency\/index.php\/wp-json\/wp\/v2\/media?parent=28"}],"curies":[{"name":"wp","href":"https:\/\/api.w.org\/{rel}","templated":true}]}}