{"id":27,"date":"2019-04-15T09:42:16","date_gmt":"2019-04-15T07:42:16","guid":{"rendered":"http:\/\/bulledair.agency\/?page_id=27"},"modified":"2019-09-23T21:50:17","modified_gmt":"2019-09-23T19:50:17","slug":"evenements","status":"publish","type":"page","link":"https:\/\/bulledair.agency\/index.php\/evenements\/","title":{"rendered":"D\u00eeners &#038; Soir\u00e9es Priv\u00e9s"},"content":{"rendered":"\n<p>La mise en place d\u2019une soir\u00e9e demande une v\u00e9ritable organisation, un savoir-faire et un r\u00e9seau relationnel. En tant que chef de projet je serai \u00e0 votre \u00e9coute pour mettre en place votre diner ou soir\u00e9e entour\u00e9e de professionnels. Je serai \u00e0 vos c\u00f4t\u00e9s pour cr\u00e9er une Bulle d\u2019Air !<\/p>\n\n\n\n<p><strong>L&rsquo;Organisation ? <\/strong><\/p>\n\n\n\n<ul class=\"wp-block-list\"><li>A votre domicile ou dans d&rsquo;autres lieux.<\/li><\/ul>\n\n\n\n<figure class=\"wp-block-image\"><img loading=\"lazy\" decoding=\"async\" width=\"1024\" height=\"423\" src=\"https:\/\/bulledair.agency\/wp-content\/uploads\/2019\/05\/Capture-2-1024x423.jpg\" alt=\"\" class=\"wp-image-145\" srcset=\"https:\/\/bulledair.agency\/wp-content\/uploads\/2019\/05\/Capture-2-1024x423.jpg 1024w, https:\/\/bulledair.agency\/wp-content\/uploads\/2019\/05\/Capture-2-300x124.jpg 300w, https:\/\/bulledair.agency\/wp-content\/uploads\/2019\/05\/Capture-2-768x317.jpg 768w, https:\/\/bulledair.agency\/wp-content\/uploads\/2019\/05\/Capture-2-727x300.jpg 727w, https:\/\/bulledair.agency\/wp-content\/uploads\/2019\/05\/Capture-2.jpg 1039w\" sizes=\"auto, (max-width: 1024px) 100vw, 1024px\" \/><\/figure>\n","protected":false},"excerpt":{"rendered":"<p>La mise en place d\u2019une soir\u00e9e demande une v\u00e9ritable organisation, un savoir-faire et un r\u00e9seau relationnel. En tant que chef de projet je serai \u00e0 votre \u00e9coute pour mettre en place votre diner ou soir\u00e9e entour\u00e9e de professionnels. Je serai \u00e0 vos c\u00f4t\u00e9s pour cr\u00e9er une Bulle d\u2019Air ! L&rsquo;Organisation ? A votre domicile ou [&hellip;]<\/p>\n","protected":false},"author":1,"featured_media":0,"parent":0,"menu_order":0,"comment_status":"closed","ping_status":"closed","template":"","meta":{"footnotes":""},"class_list":["post-27","page","type-page","status-publish","hentry"],"yoast_head":"<!-- This site is optimized with the Yoast SEO plugin v26.4 - https:\/\/yoast.com\/wordpress\/plugins\/seo\/ -->\n<title>D\u00eeners &amp; Soir\u00e9es Priv\u00e9s - Simplifiez Votre Quotidien<\/title>\n<meta name=\"robots\" content=\"index, follow, max-snippet:-1, max-image-preview:large, max-video-preview:-1\" \/>\n<link rel=\"canonical\" href=\"https:\/\/bulledair.agency\/index.php\/evenements\/\" \/>\n<meta property=\"og:locale\" content=\"fr_FR\" \/>\n<meta property=\"og:type\" content=\"article\" \/>\n<meta property=\"og:title\" content=\"D\u00eeners &amp; Soir\u00e9es Priv\u00e9s - Simplifiez Votre Quotidien\" \/>\n<meta property=\"og:description\" content=\"La mise en place d\u2019une soir\u00e9e demande une v\u00e9ritable organisation, un savoir-faire et un r\u00e9seau relationnel. En tant que chef de projet je serai \u00e0 votre \u00e9coute pour mettre en place votre diner ou soir\u00e9e entour\u00e9e de professionnels. Je serai \u00e0 vos c\u00f4t\u00e9s pour cr\u00e9er une Bulle d\u2019Air ! L&rsquo;Organisation ? A votre domicile ou [&hellip;]\" \/>\n<meta property=\"og:url\" content=\"https:\/\/bulledair.agency\/index.php\/evenements\/\" \/>\n<meta property=\"og:site_name\" content=\"Simplifiez Votre Quotidien\" \/>\n<meta property=\"article:modified_time\" content=\"2019-09-23T19:50:17+00:00\" \/>\n<meta property=\"og:image\" content=\"http:\/\/bulledair.agency\/wp-content\/uploads\/2019\/05\/Capture-2-1024x423.jpg\" \/>\n<meta name=\"twitter:card\" content=\"summary_large_image\" \/>\n<script type=\"application\/ld+json\" class=\"yoast-schema-graph\">{\"@context\":\"https:\/\/schema.org\",\"@graph\":[{\"@type\":\"WebPage\",\"@id\":\"https:\/\/bulledair.agency\/index.php\/evenements\/\",\"url\":\"https:\/\/bulledair.agency\/index.php\/evenements\/\",\"name\":\"D\u00eeners & Soir\u00e9es Priv\u00e9s - Simplifiez Votre Quotidien\",\"isPartOf\":{\"@id\":\"https:\/\/bulledair.agency\/#website\"},\"primaryImageOfPage\":{\"@id\":\"https:\/\/bulledair.agency\/index.php\/evenements\/#primaryimage\"},\"image\":{\"@id\":\"https:\/\/bulledair.agency\/index.php\/evenements\/#primaryimage\"},\"thumbnailUrl\":\"http:\/\/bulledair.agency\/wp-content\/uploads\/2019\/05\/Capture-2-1024x423.jpg\",\"datePublished\":\"2019-04-15T07:42:16+00:00\",\"dateModified\":\"2019-09-23T19:50:17+00:00\",\"breadcrumb\":{\"@id\":\"https:\/\/bulledair.agency\/index.php\/evenements\/#breadcrumb\"},\"inLanguage\":\"fr-FR\",\"potentialAction\":[{\"@type\":\"ReadAction\",\"target\":[\"https:\/\/bulledair.agency\/index.php\/evenements\/\"]}]},{\"@type\":\"ImageObject\",\"inLanguage\":\"fr-FR\",\"@id\":\"https:\/\/bulledair.agency\/index.php\/evenements\/#primaryimage\",\"url\":\"https:\/\/bulledair.agency\/wp-content\/uploads\/2019\/05\/Capture-2.jpg\",\"contentUrl\":\"https:\/\/bulledair.agency\/wp-content\/uploads\/2019\/05\/Capture-2.jpg\",\"width\":1039,\"height\":429},{\"@type\":\"BreadcrumbList\",\"@id\":\"https:\/\/bulledair.agency\/index.php\/evenements\/#breadcrumb\",\"itemListElement\":[{\"@type\":\"ListItem\",\"position\":1,\"name\":\"Accueil\",\"item\":\"https:\/\/bulledair.agency\/\"},{\"@type\":\"ListItem\",\"position\":2,\"name\":\"D\u00eeners &#038; Soir\u00e9es Priv\u00e9s\"}]},{\"@type\":\"WebSite\",\"@id\":\"https:\/\/bulledair.agency\/#website\",\"url\":\"https:\/\/bulledair.agency\/\",\"name\":\"Une Bulle d'Air - Sylvie B\u00e9lair Personal Organizer\",\"description\":\"Sylvie B\u00e9lair \/ Personal Organizer \/ Gestion de l&#039;espace &amp; du temps\",\"publisher\":{\"@id\":\"https:\/\/bulledair.agency\/#organization\"},\"potentialAction\":[{\"@type\":\"SearchAction\",\"target\":{\"@type\":\"EntryPoint\",\"urlTemplate\":\"https:\/\/bulledair.agency\/?s={search_term_string}\"},\"query-input\":{\"@type\":\"PropertyValueSpecification\",\"valueRequired\":true,\"valueName\":\"search_term_string\"}}],\"inLanguage\":\"fr-FR\"},{\"@type\":\"Organization\",\"@id\":\"https:\/\/bulledair.agency\/#organization\",\"name\":\"Une Bulle d'Air\",\"url\":\"https:\/\/bulledair.agency\/\",\"logo\":{\"@type\":\"ImageObject\",\"inLanguage\":\"fr-FR\",\"@id\":\"https:\/\/bulledair.agency\/#\/schema\/logo\/image\/\",\"url\":\"https:\/\/bulledair.agency\/wp-content\/uploads\/2019\/05\/header-bulledair-v1.jpg\",\"contentUrl\":\"https:\/\/bulledair.agency\/wp-content\/uploads\/2019\/05\/header-bulledair-v1.jpg\",\"width\":1600,\"height\":264,\"caption\":\"Une Bulle d'Air\"},\"image\":{\"@id\":\"https:\/\/bulledair.agency\/#\/schema\/logo\/image\/\"}}]}<\/script>\n<!-- \/ Yoast SEO plugin. -->","yoast_head_json":{"title":"D\u00eeners & Soir\u00e9es Priv\u00e9s - Simplifiez Votre Quotidien","robots":{"index":"index","follow":"follow","max-snippet":"max-snippet:-1","max-image-preview":"max-image-preview:large","max-video-preview":"max-video-preview:-1"},"canonical":"https:\/\/bulledair.agency\/index.php\/evenements\/","og_locale":"fr_FR","og_type":"article","og_title":"D\u00eeners & Soir\u00e9es Priv\u00e9s - Simplifiez Votre Quotidien","og_description":"La mise en place d\u2019une soir\u00e9e demande une v\u00e9ritable organisation, un savoir-faire et un r\u00e9seau relationnel. En tant que chef de projet je serai \u00e0 votre \u00e9coute pour mettre en place votre diner ou soir\u00e9e entour\u00e9e de professionnels. Je serai \u00e0 vos c\u00f4t\u00e9s pour cr\u00e9er une Bulle d\u2019Air ! L&rsquo;Organisation ? A votre domicile ou [&hellip;]","og_url":"https:\/\/bulledair.agency\/index.php\/evenements\/","og_site_name":"Simplifiez Votre Quotidien","article_modified_time":"2019-09-23T19:50:17+00:00","og_image":[{"url":"http:\/\/bulledair.agency\/wp-content\/uploads\/2019\/05\/Capture-2-1024x423.jpg","type":"","width":"","height":""}],"twitter_card":"summary_large_image","schema":{"@context":"https:\/\/schema.org","@graph":[{"@type":"WebPage","@id":"https:\/\/bulledair.agency\/index.php\/evenements\/","url":"https:\/\/bulledair.agency\/index.php\/evenements\/","name":"D\u00eeners & Soir\u00e9es Priv\u00e9s - Simplifiez Votre Quotidien","isPartOf":{"@id":"https:\/\/bulledair.agency\/#website"},"primaryImageOfPage":{"@id":"https:\/\/bulledair.agency\/index.php\/evenements\/#primaryimage"},"image":{"@id":"https:\/\/bulledair.agency\/index.php\/evenements\/#primaryimage"},"thumbnailUrl":"http:\/\/bulledair.agency\/wp-content\/uploads\/2019\/05\/Capture-2-1024x423.jpg","datePublished":"2019-04-15T07:42:16+00:00","dateModified":"2019-09-23T19:50:17+00:00","breadcrumb":{"@id":"https:\/\/bulledair.agency\/index.php\/evenements\/#breadcrumb"},"inLanguage":"fr-FR","potentialAction":[{"@type":"ReadAction","target":["https:\/\/bulledair.agency\/index.php\/evenements\/"]}]},{"@type":"ImageObject","inLanguage":"fr-FR","@id":"https:\/\/bulledair.agency\/index.php\/evenements\/#primaryimage","url":"https:\/\/bulledair.agency\/wp-content\/uploads\/2019\/05\/Capture-2.jpg","contentUrl":"https:\/\/bulledair.agency\/wp-content\/uploads\/2019\/05\/Capture-2.jpg","width":1039,"height":429},{"@type":"BreadcrumbList","@id":"https:\/\/bulledair.agency\/index.php\/evenements\/#breadcrumb","itemListElement":[{"@type":"ListItem","position":1,"name":"Accueil","item":"https:\/\/bulledair.agency\/"},{"@type":"ListItem","position":2,"name":"D\u00eeners &#038; Soir\u00e9es Priv\u00e9s"}]},{"@type":"WebSite","@id":"https:\/\/bulledair.agency\/#website","url":"https:\/\/bulledair.agency\/","name":"Une Bulle d'Air - Sylvie B\u00e9lair Personal Organizer","description":"Sylvie B\u00e9lair \/ Personal Organizer \/ Gestion de l&#039;espace &amp; du temps","publisher":{"@id":"https:\/\/bulledair.agency\/#organization"},"potentialAction":[{"@type":"SearchAction","target":{"@type":"EntryPoint","urlTemplate":"https:\/\/bulledair.agency\/?s={search_term_string}"},"query-input":{"@type":"PropertyValueSpecification","valueRequired":true,"valueName":"search_term_string"}}],"inLanguage":"fr-FR"},{"@type":"Organization","@id":"https:\/\/bulledair.agency\/#organization","name":"Une Bulle d'Air","url":"https:\/\/bulledair.agency\/","logo":{"@type":"ImageObject","inLanguage":"fr-FR","@id":"https:\/\/bulledair.agency\/#\/schema\/logo\/image\/","url":"https:\/\/bulledair.agency\/wp-content\/uploads\/2019\/05\/header-bulledair-v1.jpg","contentUrl":"https:\/\/bulledair.agency\/wp-content\/uploads\/2019\/05\/header-bulledair-v1.jpg","width":1600,"height":264,"caption":"Une Bulle d'Air"},"image":{"@id":"https:\/\/bulledair.agency\/#\/schema\/logo\/image\/"}}]}},"_links":{"self":[{"href":"https:\/\/bulledair.agency\/index.php\/wp-json\/wp\/v2\/pages\/27","targetHints":{"allow":["GET"]}}],"collection":[{"href":"https:\/\/bulledair.agency\/index.php\/wp-json\/wp\/v2\/pages"}],"about":[{"href":"https:\/\/bulledair.agency\/index.php\/wp-json\/wp\/v2\/types\/page"}],"author":[{"embeddable":true,"href":"https:\/\/bulledair.agency\/index.php\/wp-json\/wp\/v2\/users\/1"}],"replies":[{"embeddable":true,"href":"https:\/\/bulledair.agency\/index.php\/wp-json\/wp\/v2\/comments?post=27"}],"version-history":[{"count":18,"href":"https:\/\/bulledair.agency\/index.php\/wp-json\/wp\/v2\/pages\/27\/revisions"}],"predecessor-version":[{"id":164,"href":"https:\/\/bulledair.agency\/index.php\/wp-json\/wp\/v2\/pages\/27\/revisions\/164"}],"wp:attachment":[{"href":"https:\/\/bulledair.agency\/index.php\/wp-json\/wp\/v2\/media?parent=27"}],"curies":[{"name":"wp","href":"https:\/\/api.w.org\/{rel}","templated":true}]}}