{"id":26,"date":"2019-04-15T09:42:16","date_gmt":"2019-04-15T07:42:16","guid":{"rendered":"http:\/\/bulledair.agency\/?page_id=26"},"modified":"2025-01-30T16:17:55","modified_gmt":"2025-01-30T15:17:55","slug":"administratif","status":"publish","type":"page","link":"https:\/\/bulledair.agency\/index.php\/administratif\/","title":{"rendered":"Administratif &#038; Vie quoditienne"},"content":{"rendered":"\n<p><strong><mark style=\"background-color:rgba(0, 0, 0, 0)\" class=\"has-inline-color has-black-color\">Optimisez votre quotidien avec mes services d\u00e9di\u00e9s \u00e0 la gestion administrative et \u00e0 la vie quotidienne. De la gestion de vos dossiers \u00e0 l&rsquo;organisation de vos plannings professionnel et personnel, je vous accompagne pour cr\u00e9er une Bulle d&rsquo;Air, prenant en charge l&rsquo;administratif, l&rsquo;immobilier, les loisirs et les finances en toute confidentialit\u00e9 et efficacit\u00e9.<\/mark><\/strong><\/p>\n\n\n\n<h2 class=\"wp-block-heading\">J&rsquo;organise pour vous &#8230;<\/h2>\n\n\n\n<ul class=\"wp-block-list\">\n<li class=\"has-medium-font-size\"><mark style=\"background-color:rgba(0, 0, 0, 0)\" class=\"has-inline-color has-luminous-vivid-orange-color\"><strong>L&rsquo;ADMINISTRATIF PERSONNEL<\/strong><\/mark>\n<ul class=\"wp-block-list\">\n<li class=\"has-small-font-size\"><strong>Gestion des d\u00e9marches administratives :<\/strong> Assistance dans les d\u00e9marches li\u00e9es aux cartes d&rsquo;identit\u00e9, passeports, s\u00e9curit\u00e9 sociale, etc.<\/li>\n\n\n\n<li class=\"has-small-font-size\"><strong>Organisation des documents personnels :<\/strong> Mise en place d&rsquo;un syst\u00e8me de classement efficace pour les documents personnels.<\/li>\n\n\n\n<li class=\"has-small-font-size\"><strong>Optimisation de l&rsquo;espace de travail \u00e0 domicile :<\/strong> Organisation de l&rsquo;espace de travail, gestion des fournitures de bureau, et cr\u00e9ation d&rsquo;un environnement propice \u00e0 la productivit\u00e9.<\/li>\n<\/ul>\n<\/li>\n\n\n\n<li class=\"has-medium-font-size\"><mark style=\"background-color:rgba(0, 0, 0, 0)\" class=\"has-inline-color has-luminous-vivid-orange-color\"><strong>L&rsquo;ADMINISTRATIF PROFESSIONNEL<\/strong> <\/mark>\n<ul class=\"wp-block-list\">\n<li class=\"has-small-font-size\"><strong>Gestion des emails et de la correspondance professionnelle :<\/strong> Tri, r\u00e9ponse aux emails, et organisation des communications professionnelles.<\/li>\n\n\n\n<li class=\"has-small-font-size\"><strong>Planification des r\u00e9unions et voyages d&rsquo;affaires :<\/strong> Coordination des agendas, r\u00e9servation de salles de r\u00e9union, et organisation des d\u00e9placements.<\/li>\n\n\n\n<li class=\"has-small-font-size\"><strong>Gestion des notes de frais professionnelles :<\/strong> Suivi des d\u00e9penses professionnelles, organisation des re\u00e7us, et pr\u00e9paration de rapports d\u00e9taill\u00e9s.<\/li>\n<\/ul>\n<\/li>\n\n\n\n<li class=\"has-medium-font-size\"><mark style=\"background-color:rgba(0, 0, 0, 0)\" class=\"has-inline-color has-luminous-vivid-orange-color\"><strong>LOISIRS<\/strong> <strong>&amp; \u00c9V\u00c9NEMENTIEL<\/strong><\/mark>\n<ul class=\"wp-block-list\">\n<li class=\"has-small-font-size\"><strong>\u00c9v\u00e9nements culturels<\/strong> : Organisation, r\u00e9servation pour des concerts, expositions, pi\u00e8ces de th\u00e9\u00e2tre, etc.<\/li>\n\n\n\n<li class=\"has-small-font-size\"><strong>Restauration<\/strong> : R\u00e9servation de tables dans des restaurants, organisation d&rsquo;\u00e9v\u00e9nements , recommandations gastronomiques.<\/li>\n\n\n\n<li class=\"has-small-font-size\"><strong>Sports et bien-\u00eatre<\/strong> : R\u00e9servation de cours de sport, planification d&rsquo;activit\u00e9s de bien-\u00eatre, suivi de programmes de remise en forme.<\/li>\n\n\n\n<li class=\"has-small-font-size\"><strong>Voyages et escapades<\/strong> : Organisation de voyages courts, recherche d&rsquo;activit\u00e9s locales, conseils pour les destinations de vacances.<\/li>\n\n\n\n<li class=\"has-small-font-size\"><strong>Cadeaux et occasions sp\u00e9ciales<\/strong> : Aide \u00e0 la s\u00e9lection et \u00e0 l&rsquo;achat de cadeaux, organisation de surprises, gestion des dates importantes.<\/li>\n<\/ul>\n<\/li>\n<\/ul>\n\n\n\n<figure class=\"wp-block-image size-full\"><img loading=\"lazy\" decoding=\"async\" width=\"1025\" height=\"394\" src=\"https:\/\/bulledair.agency\/wp-content\/uploads\/2023\/12\/bien-etre-prenez-du-temps-pour-vous-avec-la-slow-life-istock-com-alexsava-209-1535353471-1.jpg\" alt=\"\" class=\"wp-image-232\" srcset=\"https:\/\/bulledair.agency\/wp-content\/uploads\/2023\/12\/bien-etre-prenez-du-temps-pour-vous-avec-la-slow-life-istock-com-alexsava-209-1535353471-1.jpg 1025w, https:\/\/bulledair.agency\/wp-content\/uploads\/2023\/12\/bien-etre-prenez-du-temps-pour-vous-avec-la-slow-life-istock-com-alexsava-209-1535353471-1-300x115.jpg 300w, https:\/\/bulledair.agency\/wp-content\/uploads\/2023\/12\/bien-etre-prenez-du-temps-pour-vous-avec-la-slow-life-istock-com-alexsava-209-1535353471-1-768x295.jpg 768w, https:\/\/bulledair.agency\/wp-content\/uploads\/2023\/12\/bien-etre-prenez-du-temps-pour-vous-avec-la-slow-life-istock-com-alexsava-209-1535353471-1-780x300.jpg 780w\" sizes=\"auto, (max-width: 1025px) 100vw, 1025px\" \/><\/figure>\n","protected":false},"excerpt":{"rendered":"<p>Optimisez votre quotidien avec mes services d\u00e9di\u00e9s \u00e0 la gestion administrative et \u00e0 la vie quotidienne. De la gestion de vos dossiers \u00e0 l&rsquo;organisation de vos plannings professionnel et personnel, je vous accompagne pour cr\u00e9er une Bulle d&rsquo;Air, prenant en charge l&rsquo;administratif, l&rsquo;immobilier, les loisirs et les finances en toute confidentialit\u00e9 et efficacit\u00e9. J&rsquo;organise pour [&hellip;]<\/p>\n","protected":false},"author":1,"featured_media":0,"parent":0,"menu_order":0,"comment_status":"closed","ping_status":"closed","template":"","meta":{"footnotes":""},"class_list":["post-26","page","type-page","status-publish","hentry"],"yoast_head":"<!-- This site is optimized with the Yoast SEO plugin v26.4 - https:\/\/yoast.com\/wordpress\/plugins\/seo\/ -->\n<title>Administratif &amp; Vie quoditienne - Simplifiez Votre Quotidien<\/title>\n<meta name=\"robots\" content=\"index, follow, max-snippet:-1, max-image-preview:large, max-video-preview:-1\" \/>\n<link rel=\"canonical\" href=\"https:\/\/bulledair.agency\/index.php\/administratif\/\" \/>\n<meta property=\"og:locale\" content=\"fr_FR\" \/>\n<meta property=\"og:type\" content=\"article\" \/>\n<meta property=\"og:title\" content=\"Administratif &amp; Vie quoditienne - Simplifiez Votre Quotidien\" \/>\n<meta property=\"og:description\" content=\"Optimisez votre quotidien avec mes services d\u00e9di\u00e9s \u00e0 la gestion administrative et \u00e0 la vie quotidienne. De la gestion de vos dossiers \u00e0 l&rsquo;organisation de vos plannings professionnel et personnel, je vous accompagne pour cr\u00e9er une Bulle d&rsquo;Air, prenant en charge l&rsquo;administratif, l&rsquo;immobilier, les loisirs et les finances en toute confidentialit\u00e9 et efficacit\u00e9. J&rsquo;organise pour [&hellip;]\" \/>\n<meta property=\"og:url\" content=\"https:\/\/bulledair.agency\/index.php\/administratif\/\" \/>\n<meta property=\"og:site_name\" content=\"Simplifiez Votre Quotidien\" \/>\n<meta property=\"article:modified_time\" content=\"2025-01-30T15:17:55+00:00\" \/>\n<meta property=\"og:image\" content=\"https:\/\/bulledair.agency\/wp-content\/uploads\/2023\/12\/bien-etre-prenez-du-temps-pour-vous-avec-la-slow-life-istock-com-alexsava-209-1535353471-1.jpg\" \/>\n<meta name=\"twitter:card\" content=\"summary_large_image\" \/>\n<meta name=\"twitter:label1\" content=\"Dur\u00e9e de lecture estim\u00e9e\" \/>\n\t<meta name=\"twitter:data1\" content=\"2 minutes\" \/>\n<script type=\"application\/ld+json\" class=\"yoast-schema-graph\">{\"@context\":\"https:\/\/schema.org\",\"@graph\":[{\"@type\":\"WebPage\",\"@id\":\"https:\/\/bulledair.agency\/index.php\/administratif\/\",\"url\":\"https:\/\/bulledair.agency\/index.php\/administratif\/\",\"name\":\"Administratif & Vie quoditienne - Simplifiez Votre Quotidien\",\"isPartOf\":{\"@id\":\"https:\/\/bulledair.agency\/#website\"},\"primaryImageOfPage\":{\"@id\":\"https:\/\/bulledair.agency\/index.php\/administratif\/#primaryimage\"},\"image\":{\"@id\":\"https:\/\/bulledair.agency\/index.php\/administratif\/#primaryimage\"},\"thumbnailUrl\":\"https:\/\/bulledair.agency\/wp-content\/uploads\/2023\/12\/bien-etre-prenez-du-temps-pour-vous-avec-la-slow-life-istock-com-alexsava-209-1535353471-1.jpg\",\"datePublished\":\"2019-04-15T07:42:16+00:00\",\"dateModified\":\"2025-01-30T15:17:55+00:00\",\"breadcrumb\":{\"@id\":\"https:\/\/bulledair.agency\/index.php\/administratif\/#breadcrumb\"},\"inLanguage\":\"fr-FR\",\"potentialAction\":[{\"@type\":\"ReadAction\",\"target\":[\"https:\/\/bulledair.agency\/index.php\/administratif\/\"]}]},{\"@type\":\"ImageObject\",\"inLanguage\":\"fr-FR\",\"@id\":\"https:\/\/bulledair.agency\/index.php\/administratif\/#primaryimage\",\"url\":\"https:\/\/bulledair.agency\/wp-content\/uploads\/2023\/12\/bien-etre-prenez-du-temps-pour-vous-avec-la-slow-life-istock-com-alexsava-209-1535353471-1.jpg\",\"contentUrl\":\"https:\/\/bulledair.agency\/wp-content\/uploads\/2023\/12\/bien-etre-prenez-du-temps-pour-vous-avec-la-slow-life-istock-com-alexsava-209-1535353471-1.jpg\",\"width\":1025,\"height\":394},{\"@type\":\"BreadcrumbList\",\"@id\":\"https:\/\/bulledair.agency\/index.php\/administratif\/#breadcrumb\",\"itemListElement\":[{\"@type\":\"ListItem\",\"position\":1,\"name\":\"Accueil\",\"item\":\"https:\/\/bulledair.agency\/\"},{\"@type\":\"ListItem\",\"position\":2,\"name\":\"Administratif &#038; Vie quoditienne\"}]},{\"@type\":\"WebSite\",\"@id\":\"https:\/\/bulledair.agency\/#website\",\"url\":\"https:\/\/bulledair.agency\/\",\"name\":\"Une Bulle d'Air - Sylvie B\u00e9lair Personal Organizer\",\"description\":\"Sylvie B\u00e9lair \/ Personal Organizer \/ Gestion de l&#039;espace &amp; du temps\",\"publisher\":{\"@id\":\"https:\/\/bulledair.agency\/#organization\"},\"potentialAction\":[{\"@type\":\"SearchAction\",\"target\":{\"@type\":\"EntryPoint\",\"urlTemplate\":\"https:\/\/bulledair.agency\/?s={search_term_string}\"},\"query-input\":{\"@type\":\"PropertyValueSpecification\",\"valueRequired\":true,\"valueName\":\"search_term_string\"}}],\"inLanguage\":\"fr-FR\"},{\"@type\":\"Organization\",\"@id\":\"https:\/\/bulledair.agency\/#organization\",\"name\":\"Une Bulle d'Air\",\"url\":\"https:\/\/bulledair.agency\/\",\"logo\":{\"@type\":\"ImageObject\",\"inLanguage\":\"fr-FR\",\"@id\":\"https:\/\/bulledair.agency\/#\/schema\/logo\/image\/\",\"url\":\"https:\/\/bulledair.agency\/wp-content\/uploads\/2019\/05\/header-bulledair-v1.jpg\",\"contentUrl\":\"https:\/\/bulledair.agency\/wp-content\/uploads\/2019\/05\/header-bulledair-v1.jpg\",\"width\":1600,\"height\":264,\"caption\":\"Une Bulle d'Air\"},\"image\":{\"@id\":\"https:\/\/bulledair.agency\/#\/schema\/logo\/image\/\"}}]}<\/script>\n<!-- \/ Yoast SEO plugin. -->","yoast_head_json":{"title":"Administratif & Vie quoditienne - Simplifiez Votre Quotidien","robots":{"index":"index","follow":"follow","max-snippet":"max-snippet:-1","max-image-preview":"max-image-preview:large","max-video-preview":"max-video-preview:-1"},"canonical":"https:\/\/bulledair.agency\/index.php\/administratif\/","og_locale":"fr_FR","og_type":"article","og_title":"Administratif & Vie quoditienne - Simplifiez Votre Quotidien","og_description":"Optimisez votre quotidien avec mes services d\u00e9di\u00e9s \u00e0 la gestion administrative et \u00e0 la vie quotidienne. De la gestion de vos dossiers \u00e0 l&rsquo;organisation de vos plannings professionnel et personnel, je vous accompagne pour cr\u00e9er une Bulle d&rsquo;Air, prenant en charge l&rsquo;administratif, l&rsquo;immobilier, les loisirs et les finances en toute confidentialit\u00e9 et efficacit\u00e9. J&rsquo;organise pour [&hellip;]","og_url":"https:\/\/bulledair.agency\/index.php\/administratif\/","og_site_name":"Simplifiez Votre Quotidien","article_modified_time":"2025-01-30T15:17:55+00:00","og_image":[{"url":"https:\/\/bulledair.agency\/wp-content\/uploads\/2023\/12\/bien-etre-prenez-du-temps-pour-vous-avec-la-slow-life-istock-com-alexsava-209-1535353471-1.jpg","type":"","width":"","height":""}],"twitter_card":"summary_large_image","twitter_misc":{"Dur\u00e9e de lecture estim\u00e9e":"2 minutes"},"schema":{"@context":"https:\/\/schema.org","@graph":[{"@type":"WebPage","@id":"https:\/\/bulledair.agency\/index.php\/administratif\/","url":"https:\/\/bulledair.agency\/index.php\/administratif\/","name":"Administratif & Vie quoditienne - Simplifiez Votre Quotidien","isPartOf":{"@id":"https:\/\/bulledair.agency\/#website"},"primaryImageOfPage":{"@id":"https:\/\/bulledair.agency\/index.php\/administratif\/#primaryimage"},"image":{"@id":"https:\/\/bulledair.agency\/index.php\/administratif\/#primaryimage"},"thumbnailUrl":"https:\/\/bulledair.agency\/wp-content\/uploads\/2023\/12\/bien-etre-prenez-du-temps-pour-vous-avec-la-slow-life-istock-com-alexsava-209-1535353471-1.jpg","datePublished":"2019-04-15T07:42:16+00:00","dateModified":"2025-01-30T15:17:55+00:00","breadcrumb":{"@id":"https:\/\/bulledair.agency\/index.php\/administratif\/#breadcrumb"},"inLanguage":"fr-FR","potentialAction":[{"@type":"ReadAction","target":["https:\/\/bulledair.agency\/index.php\/administratif\/"]}]},{"@type":"ImageObject","inLanguage":"fr-FR","@id":"https:\/\/bulledair.agency\/index.php\/administratif\/#primaryimage","url":"https:\/\/bulledair.agency\/wp-content\/uploads\/2023\/12\/bien-etre-prenez-du-temps-pour-vous-avec-la-slow-life-istock-com-alexsava-209-1535353471-1.jpg","contentUrl":"https:\/\/bulledair.agency\/wp-content\/uploads\/2023\/12\/bien-etre-prenez-du-temps-pour-vous-avec-la-slow-life-istock-com-alexsava-209-1535353471-1.jpg","width":1025,"height":394},{"@type":"BreadcrumbList","@id":"https:\/\/bulledair.agency\/index.php\/administratif\/#breadcrumb","itemListElement":[{"@type":"ListItem","position":1,"name":"Accueil","item":"https:\/\/bulledair.agency\/"},{"@type":"ListItem","position":2,"name":"Administratif &#038; Vie quoditienne"}]},{"@type":"WebSite","@id":"https:\/\/bulledair.agency\/#website","url":"https:\/\/bulledair.agency\/","name":"Une Bulle d'Air - Sylvie B\u00e9lair Personal Organizer","description":"Sylvie B\u00e9lair \/ Personal Organizer \/ Gestion de l&#039;espace &amp; du temps","publisher":{"@id":"https:\/\/bulledair.agency\/#organization"},"potentialAction":[{"@type":"SearchAction","target":{"@type":"EntryPoint","urlTemplate":"https:\/\/bulledair.agency\/?s={search_term_string}"},"query-input":{"@type":"PropertyValueSpecification","valueRequired":true,"valueName":"search_term_string"}}],"inLanguage":"fr-FR"},{"@type":"Organization","@id":"https:\/\/bulledair.agency\/#organization","name":"Une Bulle d'Air","url":"https:\/\/bulledair.agency\/","logo":{"@type":"ImageObject","inLanguage":"fr-FR","@id":"https:\/\/bulledair.agency\/#\/schema\/logo\/image\/","url":"https:\/\/bulledair.agency\/wp-content\/uploads\/2019\/05\/header-bulledair-v1.jpg","contentUrl":"https:\/\/bulledair.agency\/wp-content\/uploads\/2019\/05\/header-bulledair-v1.jpg","width":1600,"height":264,"caption":"Une Bulle d'Air"},"image":{"@id":"https:\/\/bulledair.agency\/#\/schema\/logo\/image\/"}}]}},"_links":{"self":[{"href":"https:\/\/bulledair.agency\/index.php\/wp-json\/wp\/v2\/pages\/26","targetHints":{"allow":["GET"]}}],"collection":[{"href":"https:\/\/bulledair.agency\/index.php\/wp-json\/wp\/v2\/pages"}],"about":[{"href":"https:\/\/bulledair.agency\/index.php\/wp-json\/wp\/v2\/types\/page"}],"author":[{"embeddable":true,"href":"https:\/\/bulledair.agency\/index.php\/wp-json\/wp\/v2\/users\/1"}],"replies":[{"embeddable":true,"href":"https:\/\/bulledair.agency\/index.php\/wp-json\/wp\/v2\/comments?post=26"}],"version-history":[{"count":38,"href":"https:\/\/bulledair.agency\/index.php\/wp-json\/wp\/v2\/pages\/26\/revisions"}],"predecessor-version":[{"id":289,"href":"https:\/\/bulledair.agency\/index.php\/wp-json\/wp\/v2\/pages\/26\/revisions\/289"}],"wp:attachment":[{"href":"https:\/\/bulledair.agency\/index.php\/wp-json\/wp\/v2\/media?parent=26"}],"curies":[{"name":"wp","href":"https:\/\/api.w.org\/{rel}","templated":true}]}}